{"id":154,"date":"2020-02-22T15:21:47","date_gmt":"2020-02-22T14:21:47","guid":{"rendered":"http:\/\/edcobe.com\/?page_id=154"},"modified":"2021-02-22T21:29:09","modified_gmt":"2021-02-22T20:29:09","slug":"aktualnosci","status":"publish","type":"page","link":"https:\/\/edcobe.com\/","title":{"rendered":"Aktualno\u015bci"},"content":{"rendered":"\n<p align=\"center\"><style><\/style><div class=\"wplp_outside wplp_widget_228\" style=\"max-width:150%;\"><span class=\"wpcu_block_title\"><\/span><div id=\"wplp_widget_228\" class=\"wplp_widget_default wplp_container vertical swiper wplp-swiper default cols3\" data-theme=\"default\" data-post=\"228\" style=\"\" data-max-elts=\"3\" data-per-page=\"10\"><div class=\"wplp_listposts swiper-wrapper\" id=\"default_228\" style=\"width: 100%;\" ><div class=\"swiper-slide\" style=\"\"><div class=\"insideframe\"><div id=\"wplp_box_top_228_649\" class=\"wpcu-front-box top equalHeightImg\" ><div class=\"wplp-box-item\"><a href=\"https:\/\/edcobe.com\/index.php\/2022\/10\/14\/mama\/\"  class=\"thumbnail\"><span class=\"img_cropper\" style=\"margin-right:2px;margin-left:2px;max-width:100%;\"><img src=\"https:\/\/edcobe.com\/wp-content\/uploads\/2022\/10\/mama.jpg\" style=\"aspect-ratio:4\/3;\" srcset=\"https:\/\/edcobe.com\/wp-content\/uploads\/2022\/10\/mama.jpg 960w, https:\/\/edcobe.com\/wp-content\/uploads\/2022\/10\/mama-200x300.jpg 200w, https:\/\/edcobe.com\/wp-content\/uploads\/2022\/10\/mama-683x1024.jpg 683w, https:\/\/edcobe.com\/wp-content\/uploads\/2022\/10\/mama-100x150.jpg 100w, https:\/\/edcobe.com\/wp-content\/uploads\/2022\/10\/mama-768x1152.jpg 768w\" alt=\"Mama\" class=\"swiper-lazy wplp_thumb\" \/><div class=\"swiper-lazy-preloader\"><\/div><\/span><\/a><a href=\"https:\/\/edcobe.com\/index.php\/2022\/10\/14\/mama\/\"  class=\"title\">Mama<\/a><\/div><\/div><div id=\"wplp_box_left_228_649\" class=\"wpcu-front-box left wpcu-custom-position\" ><div class=\"wplp-box-item\"><\/div><\/div><div id=\"wplp_box_right_228_649\" class=\"wpcu-front-box right wpcu-custom-position\" ><div class=\"wplp-box-item\"><\/div><\/div><div id=\"wplp_box_bottom_228_649\" class=\"wpcu-front-box bottom \" ><div class=\"wplp-box-item\"><span class=\"category\">Film \/ Film<\/span><span class=\"text\"><span style=\"max-height:2.8em\" class=\"line_limit\">Re\u017cyseria: Xavier Dolan Produkcja: Kanada \/ 2014 Mommy \/ tytu\u0142 oryginalny Nagrody: Cannes 2014 Nagroda Jury &#8211; Najlepszy film Steve to pi\u0119tnastolatek cierpi\u0105cy na ADHD wychowywany przez owdowia\u0142\u0105 Diane. Steve musi opu\u015bci\u0107 plac\u00f3wk\u0119 wychowawcz\u0105 w kt\u00f3rej podpali\u0142 sto\u0142\u00f3wk\u0119. Diane zabiera go do domu. Pomi\u0119dzy nimi rozwija si\u0119 toksyczna relacja w kt\u00f3rej jest im trudno \u017cy\u0107 ze sob\u0105. Diane kocha swojego syna, dba o niego a zarazem przeszkadza jej w \u017cyciu. Steve jest agresywny, nie kontroluje swoich emocji. W s\u0105siedztwie mieszka Kyle nauczycielka, kt\u00f3ra pomaga Stevowi odrabia\u0107 lekcje. Jak sko\u0144czy si\u0119 ta nie\u0142atwa relacja pomi\u0119dzy tr\u00f3jk\u0105 bohater\u00f3w? Czy Diane skorzysta z ustawy wprowadzonej przez nowy rz\u0105d w fikcyjnej Kanadzie \u201e rodzic dziecka z zaburzeniami zachowania maj\u0105cy k\u0142opoty materialne lub znajduj\u0105cy si\u0119 w stanie zagro\u017cenia fizycznego b\u0105d\u017a psychicznego mo\u017ce je powierzy\u0107 pieczy szpitala pa\u0144stwowego bez wyroku s\u0105du\u201d? Polecamy<\/span><span style=\"margin-left:3px; max-height:2.8em\" class=\"line_limit\"> [...]<\/span><\/span><span class=\"custom_fields\">\n<!-- WPLP Unknown field: Custom_Fields -->\n<\/span><a href=\"https:\/\/edcobe.com\/index.php\/2022\/10\/14\/mama\/\"  class=\"read-more\">Read more...<\/a><\/div><\/div><\/div><\/div><div class=\"swiper-slide\" style=\"\"><div class=\"insideframe\"><div id=\"wplp_box_top_228_639\" class=\"wpcu-front-box top equalHeightImg\" ><div class=\"wplp-box-item\"><a href=\"https:\/\/edcobe.com\/index.php\/2022\/09\/05\/kobieta-w-oknie\/\"  class=\"thumbnail\"><span class=\"img_cropper\" style=\"margin-right:2px;margin-left:2px;max-width:100%;\"><img src=\"https:\/\/edcobe.com\/wp-content\/uploads\/2022\/09\/kobieta-w-oknie.png\" style=\"aspect-ratio:4\/3;\" srcset=\"https:\/\/edcobe.com\/wp-content\/uploads\/2022\/09\/kobieta-w-oknie.png 826w, https:\/\/edcobe.com\/wp-content\/uploads\/2022\/09\/kobieta-w-oknie-212x300.png 212w, https:\/\/edcobe.com\/wp-content\/uploads\/2022\/09\/kobieta-w-oknie-724x1024.png 724w, https:\/\/edcobe.com\/wp-content\/uploads\/2022\/09\/kobieta-w-oknie-106x150.png 106w, https:\/\/edcobe.com\/wp-content\/uploads\/2022\/09\/kobieta-w-oknie-768x1086.png 768w\" alt=\"Kobieta w oknie\" class=\"swiper-lazy wplp_thumb\" \/><div class=\"swiper-lazy-preloader\"><\/div><\/span><\/a><a href=\"https:\/\/edcobe.com\/index.php\/2022\/09\/05\/kobieta-w-oknie\/\"  class=\"title\">Kobieta w oknie<\/a><\/div><\/div><div id=\"wplp_box_left_228_639\" class=\"wpcu-front-box left wpcu-custom-position\" ><div class=\"wplp-box-item\"><\/div><\/div><div id=\"wplp_box_right_228_639\" class=\"wpcu-front-box right wpcu-custom-position\" ><div class=\"wplp-box-item\"><\/div><\/div><div id=\"wplp_box_bottom_228_639\" class=\"wpcu-front-box bottom \" ><div class=\"wplp-box-item\"><span class=\"category\">Ksi\u0105\u017cka<\/span><span class=\"text\"><span style=\"max-height:2.8em\" class=\"line_limit\">\u201eKobieta w oknie\u201d to thriller psychologiczny w kt\u00f3rym g\u0142\u00f3wna bohaterka Anna Fox cierpi na agorafobi\u0119 (&#8230;\u201d&nbsp;irracjonalny strach przed t\u0142umem, otwartymi przestrzeniami, podr\u00f3\u017cowaniem czy nawet wyj\u015bciem z domu.\u201d). Jej codzienno\u015b\u0107 to picie alkoholu, branie du\u017cej ilo\u015bci tabletek, kontakt z lud\u017ami za po\u015brednictwem Internetu, ogl\u0105danie starych film\u00f3w i przede wszystkim obserwacja s\u0105siad\u00f3w, kt\u00f3rych szpieguje i kt\u00f3rym robi zdj\u0119cia. Najbardziej interesuje si\u0119 nowo zamieszka\u0142\u0105 rodzin\u0105 Russell\u00f3w, u kt\u00f3rych pewnej nocy dostrzega przez okno co\u015b czego nie powinna zobaczy\u0107. Anna \u201dwie, co widzia\u0142a\u201d jednak nikt jej nie wierzy. Kto ma racj\u0119? Co jest prawd\u0105 a co fa\u0142szem ? Przeczytajcie sami. &nbsp;W roku 2021 na podstawie ksi\u0105\u017cki zosta\u0142 zrealizowany film \u201e Kobieta w oknie\u201d w kt\u00f3rym g\u0142\u00f3wne role zagrali Amy Adams i Gary Oldman. Polecamy<\/span><span style=\"margin-left:3px; max-height:2.8em\" class=\"line_limit\"> [...]<\/span><\/span><span class=\"custom_fields\">\n<!-- WPLP Unknown field: Custom_Fields -->\n<\/span><a href=\"https:\/\/edcobe.com\/index.php\/2022\/09\/05\/kobieta-w-oknie\/\"  class=\"read-more\">Read more...<\/a><\/div><\/div><\/div><\/div><div class=\"swiper-slide\" style=\"\"><div class=\"insideframe\"><div id=\"wplp_box_top_228_634\" class=\"wpcu-front-box top equalHeightImg\" ><div class=\"wplp-box-item\"><a href=\"https:\/\/edcobe.com\/index.php\/2022\/07\/15\/shantaram\/\"  class=\"thumbnail\"><span class=\"img_cropper\" style=\"margin-right:2px;margin-left:2px;max-width:100%;\"><img src=\"https:\/\/edcobe.com\/wp-content\/uploads\/2020\/03\/ksiazka3.png\" style=\"aspect-ratio:4\/3;\" srcset=\"https:\/\/edcobe.com\/wp-content\/uploads\/2020\/03\/ksiazka3.png 826w, https:\/\/edcobe.com\/wp-content\/uploads\/2020\/03\/ksiazka3-212x300.png 212w, https:\/\/edcobe.com\/wp-content\/uploads\/2020\/03\/ksiazka3-724x1024.png 724w, https:\/\/edcobe.com\/wp-content\/uploads\/2020\/03\/ksiazka3-768x1086.png 768w\" alt=\"Shantaram\" class=\"swiper-lazy wplp_thumb\" \/><div class=\"swiper-lazy-preloader\"><\/div><\/span><\/a><a href=\"https:\/\/edcobe.com\/index.php\/2022\/07\/15\/shantaram\/\"  class=\"title\">Shantaram<\/a><\/div><\/div><div id=\"wplp_box_left_228_634\" class=\"wpcu-front-box left wpcu-custom-position\" ><div class=\"wplp-box-item\"><\/div><\/div><div id=\"wplp_box_right_228_634\" class=\"wpcu-front-box right wpcu-custom-position\" ><div class=\"wplp-box-item\"><\/div><\/div><div id=\"wplp_box_bottom_228_634\" class=\"wpcu-front-box bottom \" ><div class=\"wplp-box-item\"><span class=\"category\">Ksi\u0105\u017cka<\/span><span class=\"text\"><span style=\"max-height:2.8em\" class=\"line_limit\">Shantaram \u201e cz\u0142owiek pokoju\u201d albo \u201e cz\u0142owiek bo\u017cego pokoju\u201d imi\u0119 nadane przez hinduskich przyjaci\u00f3\u0142&nbsp; Gregoremu Davidowi Robertsowi to autobiograficzna powie\u015b\u0107 napisana przez&nbsp; niego w formie pami\u0119tnika. G\u0142\u00f3wny bohater to Australijczyk, kt\u00f3ry za napady na banki zostaje skazany na 20 lat wi\u0119zienia, sk\u0105d po udanej ucieczce przedostaje si\u0119 do Indii. Klimat i wyj\u0105tkowo\u015b\u0107 tego miejsca wp\u0142yn\u0119\u0142y na decyzje o pozostaniu w nim na d\u0142u\u017cej. Na swojej drodze spotyka mn\u00f3stwo ludzi zar\u00f3wno miejscowych jak i tych, kt\u00f3rzy znale\u017ali si\u0119 w Indiach z wyboru. Shantaram&nbsp; poznaje \u017cycie w slumsach, handluje broni\u0105 i narkotykami, fa\u0142szuje paszporty, bierze udzia\u0142 w wojnie w Afganistanie, ale te\u017c prowadzi codziennie rozmowy i poznaje filozofi\u0119 Wschodu. W powie\u015bci mamy w\u0105tek romantyczny \u2013 mi\u0142o\u015b\u0107 do Karli Amerykanki szwajcarskiego pochodzenia. Czy w tej pe\u0142nej brawury codzienno\u015bci uda\u0142o mu si\u0119 odnale\u017a\u0107 sens \u017cycia? Polecamy<\/span><span style=\"margin-left:3px; max-height:2.8em\" class=\"line_limit\"> [...]<\/span><\/span><span class=\"custom_fields\">\n<!-- WPLP Unknown field: Custom_Fields -->\n<\/span><a href=\"https:\/\/edcobe.com\/index.php\/2022\/07\/15\/shantaram\/\"  class=\"read-more\">Read more...<\/a><\/div><\/div><\/div><\/div><\/div><div class=\"swiper-button-next\"><\/div><div class=\"swiper-button-prev\"><\/div><div class=\"swiper-pagination\"><\/div><\/div><\/div><\/p>\n\n\n\n<h2 class=\"has-text-align-center\"><a href=\"http:\/\/edcobe.com\/index.php\/film\/\">Film<\/a><\/h2>\n\n\n\n<div class=\"wp-block-columns\">\n<div class=\"wp-block-column\">\n<figure class=\"wp-block-image size-large\"><img loading=\"lazy\" width=\"724\" height=\"1024\" src=\"http:\/\/edcobe.com\/wp-content\/uploads\/2020\/04\/kafarnaum-.1-724x1024.png\" alt=\"\" class=\"wp-image-396\" srcset=\"https:\/\/edcobe.com\/wp-content\/uploads\/2020\/04\/kafarnaum-.1-724x1024.png 724w, https:\/\/edcobe.com\/wp-content\/uploads\/2020\/04\/kafarnaum-.1-212x300.png 212w, https:\/\/edcobe.com\/wp-content\/uploads\/2020\/04\/kafarnaum-.1-106x150.png 106w, https:\/\/edcobe.com\/wp-content\/uploads\/2020\/04\/kafarnaum-.1-768x1086.png 768w, https:\/\/edcobe.com\/wp-content\/uploads\/2020\/04\/kafarnaum-.1.png 826w\" sizes=\"(max-width: 724px) 100vw, 724px\" \/><\/figure>\n<\/div>\n\n\n\n<div class=\"wp-block-column\">\n<figure class=\"wp-block-image size-large\"><img loading=\"lazy\" width=\"724\" height=\"1024\" src=\"http:\/\/edcobe.com\/wp-content\/uploads\/2020\/04\/cinemaparadiso-724x1024.png\" alt=\"\" class=\"wp-image-401\" srcset=\"https:\/\/edcobe.com\/wp-content\/uploads\/2020\/04\/cinemaparadiso-724x1024.png 724w, https:\/\/edcobe.com\/wp-content\/uploads\/2020\/04\/cinemaparadiso-212x300.png 212w, https:\/\/edcobe.com\/wp-content\/uploads\/2020\/04\/cinemaparadiso-106x150.png 106w, https:\/\/edcobe.com\/wp-content\/uploads\/2020\/04\/cinemaparadiso-768x1086.png 768w, https:\/\/edcobe.com\/wp-content\/uploads\/2020\/04\/cinemaparadiso.png 826w\" sizes=\"(max-width: 724px) 100vw, 724px\" \/><\/figure>\n<\/div>\n\n\n\n<div class=\"wp-block-column\">\n<figure class=\"wp-block-image size-large\"><img loading=\"lazy\" width=\"724\" height=\"1024\" src=\"http:\/\/edcobe.com\/wp-content\/uploads\/2020\/04\/dzikiehistorie-724x1024.png\" alt=\"\" class=\"wp-image-403\" srcset=\"https:\/\/edcobe.com\/wp-content\/uploads\/2020\/04\/dzikiehistorie-724x1024.png 724w, https:\/\/edcobe.com\/wp-content\/uploads\/2020\/04\/dzikiehistorie-212x300.png 212w, https:\/\/edcobe.com\/wp-content\/uploads\/2020\/04\/dzikiehistorie-106x150.png 106w, https:\/\/edcobe.com\/wp-content\/uploads\/2020\/04\/dzikiehistorie-768x1086.png 768w, https:\/\/edcobe.com\/wp-content\/uploads\/2020\/04\/dzikiehistorie.png 826w\" sizes=\"(max-width: 724px) 100vw, 724px\" \/><\/figure>\n<\/div>\n<\/div>\n\n\n\n<h2 class=\"has-text-align-center\"><a href=\"http:\/\/edcobe.com\/index.php\/category\/moda\/\">Moda<\/a><\/h2>\n\n\n\n<div class=\"wp-block-columns\">\n<div class=\"wp-block-column\">\n<figure class=\"wp-block-image size-large\"><img loading=\"lazy\" width=\"2528\" height=\"3864\" src=\"http:\/\/edcobe.com\/wp-content\/uploads\/2020\/03\/1.png\" alt=\"\" class=\"wp-image-218\"\/><\/figure>\n<\/div>\n\n\n\n<div class=\"wp-block-column\">\n<figure class=\"wp-block-image size-large\"><img loading=\"lazy\" width=\"670\" height=\"1024\" src=\"http:\/\/edcobe.com\/wp-content\/uploads\/2020\/04\/mod2-670x1024.png\" alt=\"\" class=\"wp-image-414\" srcset=\"https:\/\/edcobe.com\/wp-content\/uploads\/2020\/04\/mod2-670x1024.png 670w, https:\/\/edcobe.com\/wp-content\/uploads\/2020\/04\/mod2-196x300.png 196w, https:\/\/edcobe.com\/wp-content\/uploads\/2020\/04\/mod2-98x150.png 98w, https:\/\/edcobe.com\/wp-content\/uploads\/2020\/04\/mod2-768x1174.png 768w, https:\/\/edcobe.com\/wp-content\/uploads\/2020\/04\/mod2-1005x1536.png 1005w, https:\/\/edcobe.com\/wp-content\/uploads\/2020\/04\/mod2-1340x2048.png 1340w, https:\/\/edcobe.com\/wp-content\/uploads\/2020\/04\/mod2-1140x1742.png 1140w\" sizes=\"(max-width: 670px) 100vw, 670px\" \/><\/figure>\n<\/div>\n\n\n\n<div class=\"wp-block-column\">\n<figure class=\"wp-block-image size-large\"><img loading=\"lazy\" width=\"670\" height=\"1024\" src=\"http:\/\/edcobe.com\/wp-content\/uploads\/2020\/04\/mod3-670x1024.png\" alt=\"\" class=\"wp-image-417\" srcset=\"https:\/\/edcobe.com\/wp-content\/uploads\/2020\/04\/mod3-670x1024.png 670w, https:\/\/edcobe.com\/wp-content\/uploads\/2020\/04\/mod3-196x300.png 196w, https:\/\/edcobe.com\/wp-content\/uploads\/2020\/04\/mod3-98x150.png 98w, https:\/\/edcobe.com\/wp-content\/uploads\/2020\/04\/mod3-768x1174.png 768w, https:\/\/edcobe.com\/wp-content\/uploads\/2020\/04\/mod3-1005x1536.png 1005w, https:\/\/edcobe.com\/wp-content\/uploads\/2020\/04\/mod3-1340x2048.png 1340w, https:\/\/edcobe.com\/wp-content\/uploads\/2020\/04\/mod3-1140x1742.png 1140w\" sizes=\"(max-width: 670px) 100vw, 670px\" \/><\/figure>\n<\/div>\n<\/div>\n\n\n\n<h2 class=\"has-text-align-center\"><a href=\"http:\/\/edcobe.com\/index.php\/category\/ksiazka\/\">Ksi\u0105\u017cka<\/a><\/h2>\n\n\n\n<div class=\"wp-block-columns\">\n<div class=\"wp-block-column\">\n<figure class=\"wp-block-image size-large\"><img loading=\"lazy\" width=\"724\" height=\"1024\" src=\"http:\/\/edcobe.com\/wp-content\/uploads\/2020\/04\/ksiazka1-724x1024.png\" alt=\"\" class=\"wp-image-354\" srcset=\"https:\/\/edcobe.com\/wp-content\/uploads\/2020\/04\/ksiazka1-724x1024.png 724w, https:\/\/edcobe.com\/wp-content\/uploads\/2020\/04\/ksiazka1-212x300.png 212w, https:\/\/edcobe.com\/wp-content\/uploads\/2020\/04\/ksiazka1-106x150.png 106w, https:\/\/edcobe.com\/wp-content\/uploads\/2020\/04\/ksiazka1-768x1086.png 768w, https:\/\/edcobe.com\/wp-content\/uploads\/2020\/04\/ksiazka1.png 826w\" sizes=\"(max-width: 724px) 100vw, 724px\" \/><\/figure>\n<\/div>\n\n\n\n<div class=\"wp-block-column\">\n<figure class=\"wp-block-image size-large\"><img loading=\"lazy\" width=\"724\" height=\"1024\" src=\"http:\/\/edcobe.com\/wp-content\/uploads\/2020\/03\/ksiazka3-724x1024.png\" alt=\"\" class=\"wp-image-238\" srcset=\"https:\/\/edcobe.com\/wp-content\/uploads\/2020\/03\/ksiazka3-724x1024.png 724w, https:\/\/edcobe.com\/wp-content\/uploads\/2020\/03\/ksiazka3-212x300.png 212w, https:\/\/edcobe.com\/wp-content\/uploads\/2020\/03\/ksiazka3-768x1086.png 768w, https:\/\/edcobe.com\/wp-content\/uploads\/2020\/03\/ksiazka3.png 826w\" sizes=\"(max-width: 724px) 100vw, 724px\" \/><\/figure>\n<\/div>\n\n\n\n<div class=\"wp-block-column\">\n<figure class=\"wp-block-image size-large\"><img loading=\"lazy\" width=\"724\" height=\"1024\" src=\"http:\/\/edcobe.com\/wp-content\/uploads\/2020\/04\/ksiazka2-724x1024.png\" alt=\"\" class=\"wp-image-355\" srcset=\"https:\/\/edcobe.com\/wp-content\/uploads\/2020\/04\/ksiazka2-724x1024.png 724w, https:\/\/edcobe.com\/wp-content\/uploads\/2020\/04\/ksiazka2-212x300.png 212w, https:\/\/edcobe.com\/wp-content\/uploads\/2020\/04\/ksiazka2-106x150.png 106w, https:\/\/edcobe.com\/wp-content\/uploads\/2020\/04\/ksiazka2-768x1086.png 768w, https:\/\/edcobe.com\/wp-content\/uploads\/2020\/04\/ksiazka2.png 826w\" sizes=\"(max-width: 724px) 100vw, 724px\" \/><\/figure>\n<\/div>\n<\/div>\n","protected":false},"excerpt":{"rendered":"<p>Film Moda Ksi\u0105\u017cka<\/p>\n","protected":false},"author":1,"featured_media":0,"parent":0,"menu_order":0,"comment_status":"closed","ping_status":"closed","template":"","meta":[],"_links":{"self":[{"href":"https:\/\/edcobe.com\/index.php\/wp-json\/wp\/v2\/pages\/154"}],"collection":[{"href":"https:\/\/edcobe.com\/index.php\/wp-json\/wp\/v2\/pages"}],"about":[{"href":"https:\/\/edcobe.com\/index.php\/wp-json\/wp\/v2\/types\/page"}],"author":[{"embeddable":true,"href":"https:\/\/edcobe.com\/index.php\/wp-json\/wp\/v2\/users\/1"}],"replies":[{"embeddable":true,"href":"https:\/\/edcobe.com\/index.php\/wp-json\/wp\/v2\/comments?post=154"}],"version-history":[{"count":67,"href":"https:\/\/edcobe.com\/index.php\/wp-json\/wp\/v2\/pages\/154\/revisions"}],"predecessor-version":[{"id":629,"href":"https:\/\/edcobe.com\/index.php\/wp-json\/wp\/v2\/pages\/154\/revisions\/629"}],"wp:attachment":[{"href":"https:\/\/edcobe.com\/index.php\/wp-json\/wp\/v2\/media?parent=154"}],"curies":[{"name":"wp","href":"https:\/\/api.w.org\/{rel}","templated":true}]}}